{"id":51535,"date":"2017-10-04T07:17:20","date_gmt":"2017-10-04T07:17:20","guid":{"rendered":"https:\/\/services.geodetic.co\/?page_id=51535"},"modified":"2019-05-27T14:52:12","modified_gmt":"2019-05-27T14:52:12","slug":"partners","status":"publish","type":"page","link":"https:\/\/services.geodetic.co\/en\/partners\/","title":{"rendered":"Partners"},"content":{"rendered":"<p>[vc_row type=&#8221;vc_default&#8221; margin_bottom=&#8221;30&#8243; bg_type=&#8221;bg_color&#8221; bg_override=&#8221;ex-full&#8221; full_width_padding_left=&#8221;40&#8243; full_width_padding_right=&#8221;40&#8243; full_width_margin_top=&#8221;0&#8243; full_width_margin_bottom=&#8221;0&#8243; bg_color_value=&#8221;#dee3ea&#8221; css=&#8221;.vc_custom_1495124932999{margin-bottom: 30px !important;padding-top: 30px !important;}&#8221;][vc_column css=&#8221;.vc_custom_1495108892697{background-position: center !important;background-repeat: no-repeat !important;background-size: cover !important;}&#8221;]<div id=\"ultimate-heading-882869e34bfbbffe3\" class=\"uvc-heading ult-adjust-bottom-margin ultimate-heading-882869e34bfbbffe3 uvc-8119 accent-border-color\" data-hspacer=\"line_only\"  data-halign=\"left\" style=\"text-align:left\"><div class=\"uvc-main-heading ult-responsive\"  data-ultimate-target='.uvc-heading.ultimate-heading-882869e34bfbbffe3 h2'  data-responsive-json-new='{\"font-size\":\"desktop:22px;\",\"line-height\":\"desktop:32px;\"}' ><h2 style=\"font-weight:bold;margin-bottom:7px;\">We are proud to work with<\/h2><\/div><div class=\"uvc-heading-spacer line_only\" style=\"margin-bottom:40px;height:3px;\"><span class=\"uvc-headings-line\" style=\"border-style:solid;border-bottom-width:3px;border-color:#ccc;width:70px;\"><\/span><\/div><\/div><div class=\"ult-spacer spacer-69e34bfbc007f\" data-id=\"69e34bfbc007f\" data-height=\"22\" data-height-mobile=\"22\" data-height-tab=\"22\" data-height-tab-portrait=\"\" data-height-mobile-landscape=\"\" style=\"clear:both;display:block;\"><\/div>[vc_column_text 0=&#8221;&#8221;]<\/p>\n<h4 style=\"text-align: center;\">You do not have to believe us for a word. Trust our satisfied customers and join them.<\/h4>\n<h4 style=\"text-align: center;\">We work with:<\/h4>\n<p>[\/vc_column_text]<div class=\"ult-spacer spacer-69e34bfbc00c0\" data-id=\"69e34bfbc00c0\" data-height=\"44\" data-height-mobile=\"\" data-height-tab=\"33\" data-height-tab-portrait=\"\" data-height-mobile-landscape=\"22\" style=\"clear:both;display:block;\"><\/div>[vc_row_inner css=&#8221;.vc_custom_1495124946458{padding-bottom: 50px !important;}&#8221;][vc_column_inner width=&#8221;1\/4&#8243;][vc_column_text 0=&#8221;&#8221;]<\/p>\n<ul>\n<li>property owners<\/li>\n<li>developers<\/li>\n<li>property managers<\/li>\n<li>asset managers<\/li>\n<\/ul>\n<p>[\/vc_column_text][\/vc_column_inner][vc_column_inner width=&#8221;1\/4&#8243;][vc_column_text 0=&#8221;&#8221;]<\/p>\n<ul>\n<li>facility managers<\/li>\n<li>project mangers<\/li>\n<li>lease sales managers<\/li>\n<li>valuation managers<\/li>\n<\/ul>\n<p>[\/vc_column_text][\/vc_column_inner][vc_column_inner width=&#8221;1\/4&#8243;][vc_column_text 0=&#8221;&#8221;]<\/p>\n<ul>\n<li>property valuers<\/li>\n<li>banks<\/li>\n<li>architects<\/li>\n<li>investment funds<\/li>\n<\/ul>\n<p>[\/vc_column_text][\/vc_column_inner][vc_column_inner width=&#8221;1\/4&#8243;][vc_column_text 0=&#8221;&#8221;]<\/p>\n<ul>\n<li>estate institutions<\/li>\n<li>construction companies<\/li>\n<li>geologists<\/li>\n<li>private people<\/li>\n<\/ul>\n<p>[\/vc_column_text][\/vc_column_inner][\/vc_row_inner]<div class=\"ult-spacer spacer-69e34bfbc00fd\" data-id=\"69e34bfbc00fd\" data-height=\"55\" data-height-mobile=\"44\" data-height-tab=\"44\" data-height-tab-portrait=\"55\" data-height-mobile-landscape=\"33\" style=\"clear:both;display:block;\"><\/div>[\/vc_column][\/vc_row][vc_row type=&#8221;vc_default&#8221; margin_bottom=&#8221;30&#8243; bg_type=&#8221;bg_color&#8221; bg_override=&#8221;ex-full&#8221; full_width_padding_left=&#8221;40&#8243; full_width_padding_right=&#8221;40&#8243; full_width_margin_top=&#8221;0&#8243; full_width_margin_bottom=&#8221;0&#8243; bg_color_value=&#8221;#f2f5fa&#8221; css=&#8221;.vc_custom_1495125057367{margin-bottom: 30px !important;padding-top: 30px !important;padding-bottom: 90px !important;}&#8221;][vc_column css=&#8221;.vc_custom_1495108823494{background-position: center !important;background-repeat: no-repeat !important;background-size: cover !important;}&#8221;]<div class=\"ult-spacer spacer-69e34bfbc0134\" data-id=\"69e34bfbc0134\" data-height=\"55\" data-height-mobile=\"44\" data-height-tab=\"44\" data-height-tab-portrait=\"55\" data-height-mobile-landscape=\"33\" style=\"clear:both;display:block;\"><\/div><div id=\"ultimate-heading-102369e34bfbc0180\" class=\"uvc-heading ult-adjust-bottom-margin ultimate-heading-102369e34bfbc0180 uvc-2548 accent-border-color\" data-hspacer=\"line_only\"  data-halign=\"left\" style=\"text-align:left\"><div class=\"uvc-main-heading ult-responsive\"  data-ultimate-target='.uvc-heading.ultimate-heading-102369e34bfbc0180 h2'  data-responsive-json-new='{\"font-size\":\"desktop:22px;\",\"line-height\":\"desktop:32px;\"}' ><h2 style=\"font-weight:bold;margin-bottom:7px;\">We are proud to work with:<\/h2><\/div><div class=\"uvc-heading-spacer line_only\" style=\"margin-bottom:40px;height:3px;\"><span class=\"uvc-headings-line\" style=\"border-style:solid;border-bottom-width:3px;border-color:#ccc;width:70px;\"><\/span><\/div><\/div><div class=\"ult-spacer spacer-69e34bfbc01dc\" data-id=\"69e34bfbc01dc\" data-height=\"55\" data-height-mobile=\"44\" data-height-tab=\"44\" data-height-tab-portrait=\"55\" data-height-mobile-landscape=\"33\" style=\"clear:both;display:block;\"><\/div>[vc_row_inner 0=&#8221;&#8221;][vc_column_inner width=&#8221;1\/4&#8243;][vc_column_text 0=&#8221;&#8221;]<\/p>\n<h6><strong>A<\/strong><\/h6>\n<ul>\n<li>\n<h6>A8 Architektura<\/h6>\n<\/li>\n<li>\n<h6>Adgar Park West<\/h6>\n<\/li>\n<li>\n<h6>AEW Europe<\/h6>\n<\/li>\n<li>Allcon<\/li>\n<li>\n<h6>Apricot Capital Group<\/h6>\n<\/li>\n<li>\n<h6>Apsys Polska<\/h6>\n<\/li>\n<li>\n<h6>Aquageo Micha\u0142 Fic<\/h6>\n<\/li>\n<li>\n<h6>Arenda Wycena Nieruchomo\u015bci<\/h6>\n<\/li>\n<li>\n<h6>Arenda Zarz\u0105dzanie Nieruchomo\u015bciami<\/h6>\n<\/li>\n<li>\n<h6>Asset Management Master Class (AMMC)<\/h6>\n<\/li>\n<li>\n<h6>Atelier ZETTA<\/h6>\n<\/li>\n<li>\n<h6>Athena Property Management Sp. z o.o.<\/h6>\n<\/li>\n<li>\n<h6>Atlas Ward Polska<\/h6>\n<\/li>\n<li>\n<h6>Autorska Pracowania Architektury Paul Rene<\/h6>\n<\/li>\n<\/ul>\n<h6><\/h6>\n<h6><strong>B<\/strong><\/h6>\n<ul>\n<li>\n<h6>Bakalland SA<\/h6>\n<\/li>\n<li>\n<h6>Bauhaus Sopot<\/h6>\n<\/li>\n<li>\n<h6>Bank Gospodarstwa Krajowego<\/h6>\n<\/li>\n<li>\n<h6>BCB Business Park<\/h6>\n<\/li>\n<li>\n<h6>BDM Architekci<\/h6>\n<\/li>\n<li>\n<h6>Best Building Consultants<\/h6>\n<\/li>\n<li>\n<h6>BFF Investments Polska Sp. z o. o.<\/h6>\n<\/li>\n<li>\n<h6>BGK Nieruchomo\u015bci<\/h6>\n<\/li>\n<li>\n<h6>BIM dla Polskiego Budownictwa<\/h6>\n<\/li>\n<li>\n<h6>Bilfinger<\/h6>\n<\/li>\n<li>\n<h6>Biuro Inwestycji Kapita\u0142owych S.A.<\/h6>\n<\/li>\n<li>\n<h6>Biuro Szacowania Nieruchomo\u015bci Leszek Saleta<\/h6>\n<\/li>\n<li>\n<h6>Blachy Pruszy\u0144ski<\/h6>\n<\/li>\n<li>\n<h6>BNP Paribas Real Estate<\/h6>\n<\/li>\n<li>\n<h6>Bouygues Immobilier Polska<\/h6>\n<\/li>\n<li>\n<h6>BPT Real Estate<\/h6>\n<\/li>\n<\/ul>\n<h6><strong>C<\/strong><\/h6>\n<ul>\n<li>\n<h6>Castor Park<\/h6>\n<\/li>\n<li>\n<h6>Casus Iuris Kancelaria Radc\u00f3w Prawnych<\/h6>\n<\/li>\n<li>\n<h6>CBRE Poland<\/h6>\n<\/li>\n<li>\n<h6>CPD SA<\/h6>\n<\/li>\n<li>\n<h6>Centrum Biurowe AZBUD<\/h6>\n<\/li>\n<li>\n<h6>Ceraco Polska<\/h6>\n<\/li>\n<li>\n<h6>City Handlowy<\/h6>\n<\/li>\n<li>\n<h6>Ciszewski &amp; Demia\u0144czuk Kancelaria Radc\u00f3w Prawnych sp. j<\/h6>\n<\/li>\n<li>\n<h6>CBRE Global Investros<\/h6>\n<\/li>\n<li>\n<h6>CH BECK Nieruchomo\u015bci<\/h6>\n<\/li>\n<li>\n<h6>\u00a0CJ Architekci<\/h6>\n<\/li>\n<li>\n<h6>Colliers International<\/h6>\n<\/li>\n<li>\n<h6>Concept Space<\/h6>\n<\/li>\n<li>\n<h6>CPI Property Group<\/h6>\n<\/li>\n<li>\n<h6>Cromwell Property Group<\/h6>\n<\/li>\n<li>\n<h6>C7 Pracownia Architektoniczna J.Roszyk<\/h6>\n<\/li>\n<li>\n<h6>Cushman &amp; Wakefield<\/h6>\n<\/li>\n<\/ul>\n<h6><\/h6>\n<h6><strong>D<\/strong><\/h6>\n<ul>\n<li>\n<h6>Dayli<\/h6>\n<\/li>\n<li>\n<h6>Dentons<\/h6>\n<\/li>\n<li>\n<h6>Devco Wroc\u0142awki Park Biznesu<\/h6>\n<\/li>\n<li>\n<h6>DFF Projekt<\/h6>\n<\/li>\n<li>\n<h6>Dom Mody Klif<\/h6>\n<\/li>\n<li>\n<h6>DTZ<\/h6>\n<\/li>\n<\/ul>\n<h6><\/h6>\n<p>[\/vc_column_text][\/vc_column_inner][vc_column_inner width=&#8221;1\/4&#8243;][vc_column_text 0=&#8221;&#8221;]<\/p>\n<h6><strong>E<\/strong><\/h6>\n<ul>\n<li>\n<h6>E-biurowce<\/h6>\n<\/li>\n<li>\n<h6>Ekolan SA<\/h6>\n<\/li>\n<li>\n<h6>Ekspert \u2013 Stowarzyszenie Zarz\u0105dc\u00f3w Nieruchomo\u015bci<\/h6>\n<\/li>\n<li>\n<h6>Emmerson<\/h6>\n<\/li>\n<li>\n<h6>ES PRO Pawe\u0142 Nowak<\/h6>\n<\/li>\n<li>\n<h6>Estimus Consulting Nieruchomo\u015bci Daniel Kaflik<\/h6>\n<\/li>\n<li>\n<h6>Euro Styl<\/h6>\n<\/li>\n<li>\n<h6>Europa Property<\/h6>\n<\/li>\n<li>\n<h6>European Commercial Investment Poland<\/h6>\n<\/li>\n<\/ul>\n<h6><strong>F\u00a0<\/strong><\/h6>\n<ul>\n<li>\n<h6>First Property Group<\/h6>\n<\/li>\n<li>\n<h6>Forbis Group<\/h6>\n<\/li>\n<li>\n<h6>Franklin Templeton Investments Poland Sp. z o.o.<\/h6>\n<\/li>\n<li>\n<h6>Frobis Group<\/h6>\n<\/li>\n<li>\n<h6>Fundacja Dzieciom \u201eZd\u0105\u017cy\u0107 z Pomoc\u0105\u201d<\/h6>\n<\/li>\n<\/ul>\n<h6><strong>G\u00a0<\/strong><\/h6>\n<ul>\n<li>\n<h6>Geoteko Projekty i Konsultacje Geotechniczne<\/h6>\n<\/li>\n<li>\n<h6>General Property<\/h6>\n<\/li>\n<li>\n<h6>Gestor Zarz\u0105dzanie i Administrowanie Nieruchomo\u015bciami<\/h6>\n<\/li>\n<li>\n<h6>Ghelamco<\/h6>\n<\/li>\n<li>\n<h6>Goodman Poland Sp. z o.o.<\/h6>\n<\/li>\n<li>\n<h6>Griffin Real Estate<\/h6>\n<\/li>\n<li>\n<h6>Grupa konkret<\/h6>\n<\/li>\n<li>\n<h6>groUP247<\/h6>\n<\/li>\n<li>\n<h6>Grupa BUMA<\/h6>\n<\/li>\n<li>\n<h6>Grzegorz Pogorzelski Consulting<\/h6>\n<\/li>\n<\/ul>\n<h6><strong>H<\/strong><\/h6>\n<ul>\n<li>\n<h6>Have S.A.<\/h6>\n<\/li>\n<li>\n<h6>Heidelberg<\/h6>\n<\/li>\n<li>\n<h6>Heima Public Relations<\/h6>\n<\/li>\n<li>\n<h6>Herbewo International S.A.<\/h6>\n<\/li>\n<li>\n<h6>HydroGeoStudio<\/h6>\n<\/li>\n<li>\n<h6>Heitman<\/h6>\n<\/li>\n<li>\n<h6>Hochtief<\/h6>\n<\/li>\n<li>\n<h6>Home &#8211; Zarz\u0105dzanie i Administrowanie Nieruchomo\u015bciami<\/h6>\n<\/li>\n<li>\n<h6>HR GLL Griffin House<\/h6>\n<\/li>\n<li>\n<h6>HRA Architekci<\/h6>\n<\/li>\n<li>\n<h6>Hydron Bart\u0142omiej Dobrzelewski<\/h6>\n<\/li>\n<\/ul>\n<h6><strong>\u00a0<\/strong><strong>I<\/strong><\/h6>\n<ul>\n<li>\n<h6>i2 Development S.A.<\/h6>\n<\/li>\n<li>\n<h6>Iliard sp. z o.o. i Wsp\u00f3lnicy sp. k.<\/h6>\n<\/li>\n<li>\n<h6>IMEK<\/h6>\n<\/li>\n<li>\n<h6>Immobel Polska<\/h6>\n<\/li>\n<li>\n<h6>Integrum Management<\/h6>\n<\/li>\n<li>\n<h6>Inwestycje Polskie (Polsat)<\/h6>\n<\/li>\n<li>\n<h6>Invest Komfort S.A.<\/h6>\n<\/li>\n<li>\n<h6>IPECO Sp. z o.o.<\/h6>\n<\/li>\n<\/ul>\n<h6><strong>J<\/strong><\/h6>\n<ul>\n<li>\n<h6>Jones Lang LaSalle<\/h6>\n<\/li>\n<\/ul>\n<p>[\/vc_column_text][\/vc_column_inner][vc_column_inner width=&#8221;1\/4&#8243;][vc_column_text 0=&#8221;&#8221;]<\/p>\n<h6><strong>K<\/strong><\/h6>\n<ul>\n<li>\n<h6>Kamis (McCormick Polska)<\/h6>\n<\/li>\n<li>\n<h6>Kaczmarczyk Orzechowski Legal Services<\/h6>\n<\/li>\n<li>\n<h6>Kancelaria Radcy Prawnego Pawe\u0142 \u0141ukasiuk<\/h6>\n<\/li>\n<li>\n<h6>Kancelaria Radcy Prawnego Robert Dudkowiaka<\/h6>\n<\/li>\n<li>\n<h6>Kancelaria Radcy Prawnego Piotr Dobrowolski<\/h6>\n<\/li>\n<li>\n<h6>Kancelaria Doradztwa Prawnego i Podatkowego Stella Brzeszczy\u0144ska<\/h6>\n<\/li>\n<li>\n<h6>Kalter Sp. z o.o.<\/h6>\n<\/li>\n<li>\n<h6>\u00a0Klif Dom mody<\/h6>\n<\/li>\n<li>\n<h6>Knight Frank<\/h6>\n<\/li>\n<li>\n<h6>Kocha\u0144ski Zi\u0119ba i Partnerzy<\/h6>\n<\/li>\n<li>\n<h6>Komfort Sp\u00f3\u0142ka Akcyjna Sp.K.<\/h6>\n<\/li>\n<li>\n<h6>KPMG Poland<\/h6>\n<\/li>\n<li>\n<h6>Kr\u0119gliccy Restauracje<\/h6>\n<\/li>\n<\/ul>\n<h6><strong>L<\/strong><\/h6>\n<ul>\n<li>\n<h6>Ladies First<\/h6>\n<\/li>\n<li>\n<h6>Legalis System Informacji Prawnej<\/h6>\n<\/li>\n<li>\n<h6>LHI<\/h6>\n<\/li>\n<\/ul>\n<h6><strong>M<\/strong><\/h6>\n<ul>\n<li>\n<h6>M Seven Real Estate<\/h6>\n<\/li>\n<li>\n<h6>Maxon Nieruchomo\u015bci<\/h6>\n<\/li>\n<li>\n<h6>Master Management Group<\/h6>\n<\/li>\n<li>\n<h6>MMC Polska<\/h6>\n<\/li>\n<li>\n<h6>Mostostal Szczecin<\/h6>\n<\/li>\n<li>\n<h6>Muzeum Sztuki Nowoczesnej w Warszawie<\/h6>\n<\/li>\n<\/ul>\n<h6><strong>N<\/strong><\/h6>\n<ul>\n<li>\n<h6>Narodowe Centrum Sportu<\/h6>\n<\/li>\n<li>\n<h6>Nexity Polska Sp. z o.o.<\/h6>\n<\/li>\n<li>\n<h6>Nuvalu<\/h6>\n<\/li>\n<\/ul>\n<h6><strong>O<\/strong><\/h6>\n<ul>\n<li>\n<h6>Ochnik development<\/h6>\n<\/li>\n<li>\n<h6>OmegaART<\/h6>\n<\/li>\n<li>\n<h6>Olivia Business Centre<\/h6>\n<\/li>\n<li>\n<h6>Operator Logistyczny Paliw P\u0142ynnych<\/h6>\n<\/li>\n<li>\n<h6>Orlen Aviation<\/h6>\n<\/li>\n<\/ul>\n<h6><strong>P<\/strong><\/h6>\n<ul>\n<li>\n<h6>PACFM<\/h6>\n<\/li>\n<li>\n<h6>PAI RES Sp. z o.o.<\/h6>\n<\/li>\n<li>\n<h6>Paige Investments<\/h6>\n<\/li>\n<li>\n<h6>Panattoni Europe<\/h6>\n<\/li>\n<li>\n<h6>Panattoni Development Europe sp. z o.o<\/h6>\n<\/li>\n<li>\n<h6>PKO TFI<\/h6>\n<\/li>\n<li>\n<h6>Platan Group<\/h6>\n<\/li>\n<li>\n<h6>Polska Akademia Nauk<\/h6>\n<\/li>\n<li>\n<h6>Polski Holding Nieruchomo\u015bci S.A.<\/h6>\n<\/li>\n<li>\n<h6>Portfel Inwestycyjny<\/h6>\n<\/li>\n<li>\n<h6>Pradera<\/h6>\n<\/li>\n<li>\n<h6>PRO-DESIGNERS<\/h6>\n<\/li>\n<li>\n<h6>Prokom Investments S.A.<\/h6>\n<\/li>\n<li>\n<h6>Przedsi\u0119biorstwo Pa\u0144stwowe \u201ePorty Lotnicze\u201d<\/h6>\n<\/li>\n<li>\n<h6>PUMM Property Services<\/h6>\n<\/li>\n<li>\n<h6>PZU Nieruchomo\u015bci<\/h6>\n<\/li>\n<\/ul>\n<h6><strong>Q<\/strong><\/h6>\n<ul>\n<li>\n<h6>Querco Property<\/h6>\n<\/li>\n<\/ul>\n<p>[\/vc_column_text][\/vc_column_inner][vc_column_inner width=&#8221;1\/4&#8243;][vc_column_text 0=&#8221;&#8221;]<\/p>\n<h6><strong>R<\/strong><\/h6>\n<ul>\n<li>\n<h6>Real Estate Manager<\/h6>\n<\/li>\n<li>\n<h6>RD Bud<\/h6>\n<\/li>\n<li>\n<h6>Remax Prestige Krak\u00f3w<\/h6>\n<\/li>\n<li>\n<h6>Re\/MAX Peak Nieruchomo\u015bci \u0141\u00f3d\u017a<\/h6>\n<\/li>\n<li>\n<h6>Robotnicza Sp\u00f3\u0142dzielnia Mieszkaniowa Praga<\/h6>\n<\/li>\n<li>\n<h6>7R Logistic SA<\/h6>\n<\/li>\n<\/ul>\n<h6><strong>S<\/strong><\/h6>\n<ul>\n<li>\n<h6>Savills<\/h6>\n<\/li>\n<li>\n<h6>Skanika Micha\u0142 D\u0105browski Zarz\u0105dzanie Nieruchomo\u015bciami<\/h6>\n<\/li>\n<li>\n<h6>Skanska Property<\/h6>\n<\/li>\n<li>\n<h6>SM Nowy Dom 82<\/h6>\n<\/li>\n<li>\n<h6>Spectra Development<\/h6>\n<\/li>\n<li>\n<h6>\u00a0SUD Architekt<\/h6>\n<\/li>\n<li>\n<h6>Suez Polska<\/h6>\n<\/li>\n<li>\n<h6>Sky Estate<\/h6>\n<\/li>\n<\/ul>\n<h6><strong>T<\/strong><\/h6>\n<ul>\n<li>\n<h6>Tikona s.c.<\/h6>\n<\/li>\n<li>\n<h6>T-mobile<\/h6>\n<\/li>\n<li>\n<h6>TM Architekci<\/h6>\n<\/li>\n<li>\n<h6>Torus Gda\u0144sk<\/h6>\n<\/li>\n<li>\n<h6>Torent Property Management<\/h6>\n<\/li>\n<li>\n<h6>Trasko-Inwest<\/h6>\n<\/li>\n<li>\n<h6>Trinity II Investments<\/h6>\n<\/li>\n<\/ul>\n<h6><strong>U<\/strong><\/h6>\n<ul>\n<li>\n<h6>Uniwersytet Gda\u0144ski<\/h6>\n<\/li>\n<\/ul>\n<h6><strong>Y<\/strong><\/h6>\n<ul>\n<li>\n<h6>Yareal Polska<\/h6>\n<\/li>\n<\/ul>\n<h6><strong>V<\/strong><\/h6>\n<ul>\n<li>\n<h6>Valor Advisor<\/h6>\n<\/li>\n<li>\n<h6>Verso Nieruchomo\u015bci Sp. z o.o.<\/h6>\n<\/li>\n<li>\n<h6>Victoria Dom S.A.<\/h6>\n<\/li>\n<li>\n<h6>Virako<\/h6>\n<\/li>\n<\/ul>\n<h6><strong>W<\/strong><\/h6>\n<ul>\n<li style=\"text-align: left;\">\n<h6>Walter Herz<\/h6>\n<\/li>\n<li style=\"text-align: left;\">\n<h6>Wand Wojciech Gil<\/h6>\n<\/li>\n<li>\n<h6>Warsaw Attics Sp. z o.o.<\/h6>\n<\/li>\n<li style=\"text-align: left;\">\n<h6>Warsaw Financial Center<\/h6>\n<\/li>\n<li>\n<h6>White-Cube Krak\u00f3w<\/h6>\n<\/li>\n<li>\n<h6>Wisag<\/h6>\n<\/li>\n<li>\n<h6>WRI INVESTMENT Sp. z o.o. S.k.<\/h6>\n<\/li>\n<li>\n<h6>Wsp\u00f3lnota Mieszkaniowa \u201cGrzybowska 4\u201d<\/h6>\n<\/li>\n<li>\n<h6>Wydawnictwo CH BECK<\/h6>\n<\/li>\n<\/ul>\n<h6><strong>Z<\/strong><\/h6>\n<ul>\n<li>Zak\u0142ad Gospodarowania Nieruchomo\u015bciami Praga P\u00f3\u0142noc<\/li>\n<\/ul>\n<p>[\/vc_column_text][\/vc_column_inner][\/vc_row_inner][\/vc_column][\/vc_row][vc_row 0=&#8221;&#8221;][vc_column width=&#8221;1\/6&#8243;][\/vc_column][vc_column width=&#8221;2\/3&#8243; css=&#8221;.vc_custom_1495111354210{padding-top: 90px !important;padding-bottom: 90px !important;}&#8221;]<div id=\"ultimate-heading-293369e34bfbc023f\" class=\"uvc-heading ult-adjust-bottom-margin ultimate-heading-293369e34bfbc023f uvc-2977 \" data-hspacer=\"no_spacer\"  data-halign=\"center\" style=\"text-align:center\"><div class=\"uvc-heading-spacer no_spacer\" style=\"top\"><\/div><div class=\"uvc-main-heading ult-responsive\"  data-ultimate-target='.uvc-heading.ultimate-heading-293369e34bfbc023f h2'  data-responsive-json-new='{\"font-size\":\"desktop:46px;mobile_landscape:30px;\",\"line-height\":\"desktop:56px;mobile_landscape:40px;\"}' ><h2 style=\"--font-weight:theme;color:#5e6f8b;margin-bottom:40px;\">We're looking forward to start a project with you!<\/h2><\/div><\/div><div id=\"ultimate-heading-91369e34bfbc029e\" class=\"uvc-heading ult-adjust-bottom-margin ultimate-heading-91369e34bfbc029e uvc-7314  uvc-heading-default-font-sizes\" data-hspacer=\"no_spacer\"  data-halign=\"center\" style=\"text-align:center\"><div class=\"uvc-heading-spacer no_spacer\" style=\"top\"><\/div><div class=\"uvc-sub-heading ult-responsive\"  data-ultimate-target='.uvc-heading.ultimate-heading-91369e34bfbc029e .uvc-sub-heading '  data-responsive-json-new='{\"font-size\":\"\",\"line-height\":\"\"}'  style=\"font-weight:normal;\"><\/p>\n<h1 style=\"text-align: center;\">\u00a0 Measure it soon!<\/h1>\n<p><\/div><\/div><div class=\"ult-spacer spacer-69e34bfbc02d9\" data-id=\"69e34bfbc02d9\" data-height=\"40\" data-height-mobile=\"40\" data-height-tab=\"40\" data-height-tab-portrait=\"\" data-height-mobile-landscape=\"\" style=\"clear:both;display:block;\"><\/div><div class=\" ubtn-ctn-center \"><a class=\"ubtn-link ult-adjust-bottom-margin ubtn-center ubtn-normal \" href=\"https:\/\/geodetic.co\/en\/contact\/\" target=\"_blank\" rel=\"noopener\" ><button type=\"button\" id=\"ubtn-3451\"  class=\"ubtn ult-adjust-bottom-margin ult-responsive ubtn-normal ubtn-no-hover-bg  none  ubtn-center   tooltip-69e34bfbc0312\"  data-hover=\"\" data-border-color=\"#3c495e\" data-bg=\"\" data-hover-bg=\"\" data-border-hover=\"#a8b5c7\" data-shadow-hover=\"\" data-shadow-click=\"none\" data-shadow=\"\" data-shd-shadow=\"\"  data-ultimate-target='#ubtn-3451'  data-responsive-json-new='{\"font-size\":\"desktop:20px;\",\"line-height\":\"\"}'  style=\"font-weight:normal;border-radius:3px;border-width:1px;border-color:#3c495e;border-style:outset;color: #3c495e;\"><span class=\"ubtn-hover\" style=\"background-color:\"><\/span><span class=\"ubtn-data ubtn-text \" >SUBMIT A REQUEST TODAY!<\/span><\/button><\/a><\/div>[\/vc_column][vc_column width=&#8221;1\/6&#8243;][\/vc_column][\/vc_row]<\/p>\n","protected":false},"excerpt":{"rendered":"<p>[vc_row type=&#8221;vc_default&#8221; margin_bottom=&#8221;30&#8243; bg_type=&#8221;bg_color&#8221; bg_override=&#8221;ex-full&#8221; full_width_padding_left=&#8221;40&#8243; full_width_padding_right=&#8221;40&#8243; full_width_margin_top=&#8221;0&#8243; full_width_margin_bottom=&#8221;0&#8243; bg_color_value=&#8221;#dee3ea&#8221; css=&#8221;.vc_custom_1495124932999{margin-bottom: 30px !important;padding-top: 30px !important;}&#8221;][vc_column css=&#8221;.vc_custom_1495108892697{background-position: center !important;background-repeat: no-repeat !important;background-size: cover !important;}&#8221;][vc_column_text 0=&#8221;&#8221;] You do not have to believe us for a word. Trust our satisfied customers and join them. We work with: [\/vc_column_text][vc_row_inner css=&#8221;.vc_custom_1495124946458{padding-bottom: 50px !important;}&#8221;][vc_column_inner width=&#8221;1\/4&#8243;][vc_column_text 0=&#8221;&#8221;] property owners developers property managers asset&hellip;<\/p>\n","protected":false},"author":1,"featured_media":0,"parent":0,"menu_order":0,"comment_status":"closed","ping_status":"closed","template":"","meta":{"footnotes":""},"class_list":["post-51535","page","type-page","status-publish","hentry","description-off"],"aioseo_notices":[],"_links":{"self":[{"href":"https:\/\/services.geodetic.co\/en\/wp-json\/wp\/v2\/pages\/51535","targetHints":{"allow":["GET"]}}],"collection":[{"href":"https:\/\/services.geodetic.co\/en\/wp-json\/wp\/v2\/pages"}],"about":[{"href":"https:\/\/services.geodetic.co\/en\/wp-json\/wp\/v2\/types\/page"}],"author":[{"embeddable":true,"href":"https:\/\/services.geodetic.co\/en\/wp-json\/wp\/v2\/users\/1"}],"replies":[{"embeddable":true,"href":"https:\/\/services.geodetic.co\/en\/wp-json\/wp\/v2\/comments?post=51535"}],"version-history":[{"count":12,"href":"https:\/\/services.geodetic.co\/en\/wp-json\/wp\/v2\/pages\/51535\/revisions"}],"predecessor-version":[{"id":53050,"href":"https:\/\/services.geodetic.co\/en\/wp-json\/wp\/v2\/pages\/51535\/revisions\/53050"}],"wp:attachment":[{"href":"https:\/\/services.geodetic.co\/en\/wp-json\/wp\/v2\/media?parent=51535"}],"curies":[{"name":"wp","href":"https:\/\/api.w.org\/{rel}","templated":true}]}}